{"id":15,"date":"2026-03-16T16:32:01","date_gmt":"2026-03-16T19:32:01","guid":{"rendered":"http:\/\/nute.ufsc.br\/observatorioead\/?page_id=15"},"modified":"2026-04-22T19:58:15","modified_gmt":"2026-04-22T22:58:15","slug":"boletins","status":"publish","type":"page","link":"https:\/\/observatorioead.ufg.br\/index.php\/boletins\/","title":{"rendered":"Boletins Peri\u00f3dicos"},"content":{"rendered":"\n<p>Este grupo ficar\u00e1 respons\u00e1vel pela divulga\u00e7\u00e3o de boletins, relat\u00f3rios t\u00e9cnicos e infogr\u00e1ficos com an\u00e1lises atualizadas para subsidiar a tomada de decis\u00e3o de gestores.<\/p>\n\n\n\n<ul class=\"wp-block-list\">\n<li><strong>Brasil:<\/strong> Juliane e Mara<\/li>\n\n\n\n<li><strong>Argentina:<\/strong> Rosa Rita Maenza<\/li>\n\n\n\n<li><strong>M\u00e9xico:<\/strong> Maria Felix Quezada<\/li>\n\n\n\n<li><strong>Mo\u00e7ambique:<\/strong> Nilsa Adelaide Issufo Enoque Pondja Cherinda<\/li>\n\n\n\n<li><strong>Honduras:<\/strong> Jenny Zelaya<\/li>\n\n\n\n<li><strong>Portugal:<\/strong> Susana e Rodrigo<\/li>\n<\/ul>\n","protected":false},"excerpt":{"rendered":"<p>Este grupo ficar\u00e1 respons\u00e1vel pela divulga\u00e7\u00e3o de boletins, relat\u00f3rios t\u00e9cnicos e infogr\u00e1ficos com an\u00e1lises atualizadas para subsidiar a tomada de decis\u00e3o de gestores.<\/p>\n","protected":false},"author":1,"featured_media":0,"parent":0,"menu_order":0,"comment_status":"closed","ping_status":"closed","template":"","meta":{"inline_featured_image":false,"footnotes":""},"class_list":["post-15","page","type-page","status-publish","hentry"],"_links":{"self":[{"href":"https:\/\/observatorioead.ufg.br\/index.php\/wp-json\/wp\/v2\/pages\/15","targetHints":{"allow":["GET"]}}],"collection":[{"href":"https:\/\/observatorioead.ufg.br\/index.php\/wp-json\/wp\/v2\/pages"}],"about":[{"href":"https:\/\/observatorioead.ufg.br\/index.php\/wp-json\/wp\/v2\/types\/page"}],"author":[{"embeddable":true,"href":"https:\/\/observatorioead.ufg.br\/index.php\/wp-json\/wp\/v2\/users\/1"}],"replies":[{"embeddable":true,"href":"https:\/\/observatorioead.ufg.br\/index.php\/wp-json\/wp\/v2\/comments?post=15"}],"version-history":[{"count":5,"href":"https:\/\/observatorioead.ufg.br\/index.php\/wp-json\/wp\/v2\/pages\/15\/revisions"}],"predecessor-version":[{"id":163,"href":"https:\/\/observatorioead.ufg.br\/index.php\/wp-json\/wp\/v2\/pages\/15\/revisions\/163"}],"wp:attachment":[{"href":"https:\/\/observatorioead.ufg.br\/index.php\/wp-json\/wp\/v2\/media?parent=15"}],"curies":[{"name":"wp","href":"https:\/\/api.w.org\/{rel}","templated":true}]}}