{"id":19,"date":"2026-03-16T16:32:59","date_gmt":"2026-03-16T19:32:59","guid":{"rendered":"http:\/\/nute.ufsc.br\/observatorioead\/?page_id=19"},"modified":"2026-04-22T20:00:41","modified_gmt":"2026-04-22T23:00:41","slug":"repositorio-academico","status":"publish","type":"page","link":"https:\/\/observatorioead.ufg.br\/index.php\/repositorio-academico\/","title":{"rendered":"Reposit\u00f3rio Acad\u00eamico"},"content":{"rendered":"\n<p>O grupo ser\u00e1 respons\u00e1vel por criar um acervo digital com teses, disserta\u00e7\u00f5es, artigos cient\u00edficos, e relat\u00f3rios t\u00e9cnicos.<\/p>\n\n\n\n<p>Coordena\u00e7\u00e3o:<br>Cl\u00e1udia, C\u00edcera e Cida<\/p>\n\n\n\n<p><a href=\"https:\/\/observatorioead.fe.ufg.br\/pages\"><\/a><\/p>\n","protected":false},"excerpt":{"rendered":"<p>O grupo ser\u00e1 respons\u00e1vel por criar um acervo digital com teses, disserta\u00e7\u00f5es, artigos cient\u00edficos, e relat\u00f3rios t\u00e9cnicos. Coordena\u00e7\u00e3o:Cl\u00e1udia, C\u00edcera e Cida<\/p>\n","protected":false},"author":1,"featured_media":0,"parent":0,"menu_order":0,"comment_status":"closed","ping_status":"closed","template":"","meta":{"inline_featured_image":false,"footnotes":""},"class_list":["post-19","page","type-page","status-publish","hentry"],"_links":{"self":[{"href":"https:\/\/observatorioead.ufg.br\/index.php\/wp-json\/wp\/v2\/pages\/19","targetHints":{"allow":["GET"]}}],"collection":[{"href":"https:\/\/observatorioead.ufg.br\/index.php\/wp-json\/wp\/v2\/pages"}],"about":[{"href":"https:\/\/observatorioead.ufg.br\/index.php\/wp-json\/wp\/v2\/types\/page"}],"author":[{"embeddable":true,"href":"https:\/\/observatorioead.ufg.br\/index.php\/wp-json\/wp\/v2\/users\/1"}],"replies":[{"embeddable":true,"href":"https:\/\/observatorioead.ufg.br\/index.php\/wp-json\/wp\/v2\/comments?post=19"}],"version-history":[{"count":3,"href":"https:\/\/observatorioead.ufg.br\/index.php\/wp-json\/wp\/v2\/pages\/19\/revisions"}],"predecessor-version":[{"id":170,"href":"https:\/\/observatorioead.ufg.br\/index.php\/wp-json\/wp\/v2\/pages\/19\/revisions\/170"}],"wp:attachment":[{"href":"https:\/\/observatorioead.ufg.br\/index.php\/wp-json\/wp\/v2\/media?parent=19"}],"curies":[{"name":"wp","href":"https:\/\/api.w.org\/{rel}","templated":true}]}}