{"id":21,"date":"2026-03-16T16:33:20","date_gmt":"2026-03-16T19:33:20","guid":{"rendered":"http:\/\/nute.ufsc.br\/observatorioead\/?page_id=21"},"modified":"2026-03-16T16:33:21","modified_gmt":"2026-03-16T19:33:21","slug":"glossario","status":"publish","type":"page","link":"https:\/\/observatorioead.ufg.br\/index.php\/glossario\/","title":{"rendered":"Gloss\u00e1rio"},"content":{"rendered":"\n<p>Este GT tem como objetivo desenvolver um gloss\u00e1rio com termos t\u00e9cnicos, conceitos e legisla\u00e7\u00e3o sobre a EaD.<\/p>\n\n\n\n<p>Coordena\u00e7\u00e3o<br>Alessandra Macskie e Bianca<\/p>\n\n\n\n<p><a href=\"https:\/\/observatorioead.fe.ufg.br\/pages\"><\/a><\/p>\n","protected":false},"excerpt":{"rendered":"<p>Este GT tem como objetivo desenvolver um gloss\u00e1rio com termos t\u00e9cnicos, conceitos e legisla\u00e7\u00e3o sobre a EaD. Coordena\u00e7\u00e3oAlessandra Macskie e Bianca<\/p>\n","protected":false},"author":1,"featured_media":0,"parent":0,"menu_order":0,"comment_status":"closed","ping_status":"closed","template":"","meta":{"inline_featured_image":false,"footnotes":""},"class_list":["post-21","page","type-page","status-publish","hentry"],"_links":{"self":[{"href":"https:\/\/observatorioead.ufg.br\/index.php\/wp-json\/wp\/v2\/pages\/21","targetHints":{"allow":["GET"]}}],"collection":[{"href":"https:\/\/observatorioead.ufg.br\/index.php\/wp-json\/wp\/v2\/pages"}],"about":[{"href":"https:\/\/observatorioead.ufg.br\/index.php\/wp-json\/wp\/v2\/types\/page"}],"author":[{"embeddable":true,"href":"https:\/\/observatorioead.ufg.br\/index.php\/wp-json\/wp\/v2\/users\/1"}],"replies":[{"embeddable":true,"href":"https:\/\/observatorioead.ufg.br\/index.php\/wp-json\/wp\/v2\/comments?post=21"}],"version-history":[{"count":1,"href":"https:\/\/observatorioead.ufg.br\/index.php\/wp-json\/wp\/v2\/pages\/21\/revisions"}],"predecessor-version":[{"id":22,"href":"https:\/\/observatorioead.ufg.br\/index.php\/wp-json\/wp\/v2\/pages\/21\/revisions\/22"}],"wp:attachment":[{"href":"https:\/\/observatorioead.ufg.br\/index.php\/wp-json\/wp\/v2\/media?parent=21"}],"curies":[{"name":"wp","href":"https:\/\/api.w.org\/{rel}","templated":true}]}}