{"id":23,"date":"2026-03-16T16:33:54","date_gmt":"2026-03-16T19:33:54","guid":{"rendered":"http:\/\/nute.ufsc.br\/observatorioead\/?page_id=23"},"modified":"2026-03-16T16:33:56","modified_gmt":"2026-03-16T19:33:56","slug":"memoria-da-rede","status":"publish","type":"page","link":"https:\/\/observatorioead.ufg.br\/index.php\/memoria-da-rede\/","title":{"rendered":"Mem\u00f3ria da Rede"},"content":{"rendered":"\n<p>O grupo ficar\u00e1 encarregado de criar uma se\u00e7\u00e3o com contribui\u00e7\u00f5es da Rede a \u00e1rea da EaD.<\/p>\n\n\n\n<p>Coordena\u00e7\u00e3o:<\/p>\n\n\n\n<p>Nathalia e D\u00f4ra<\/p>\n\n\n\n<p><a href=\"https:\/\/observatorioead.fe.ufg.br\/pages\"><\/a><\/p>\n","protected":false},"excerpt":{"rendered":"<p>O grupo ficar\u00e1 encarregado de criar uma se\u00e7\u00e3o com contribui\u00e7\u00f5es da Rede a \u00e1rea da EaD. Coordena\u00e7\u00e3o: Nathalia e D\u00f4ra<\/p>\n","protected":false},"author":1,"featured_media":0,"parent":0,"menu_order":0,"comment_status":"closed","ping_status":"closed","template":"","meta":{"inline_featured_image":false,"footnotes":""},"class_list":["post-23","page","type-page","status-publish","hentry"],"_links":{"self":[{"href":"https:\/\/observatorioead.ufg.br\/index.php\/wp-json\/wp\/v2\/pages\/23","targetHints":{"allow":["GET"]}}],"collection":[{"href":"https:\/\/observatorioead.ufg.br\/index.php\/wp-json\/wp\/v2\/pages"}],"about":[{"href":"https:\/\/observatorioead.ufg.br\/index.php\/wp-json\/wp\/v2\/types\/page"}],"author":[{"embeddable":true,"href":"https:\/\/observatorioead.ufg.br\/index.php\/wp-json\/wp\/v2\/users\/1"}],"replies":[{"embeddable":true,"href":"https:\/\/observatorioead.ufg.br\/index.php\/wp-json\/wp\/v2\/comments?post=23"}],"version-history":[{"count":1,"href":"https:\/\/observatorioead.ufg.br\/index.php\/wp-json\/wp\/v2\/pages\/23\/revisions"}],"predecessor-version":[{"id":24,"href":"https:\/\/observatorioead.ufg.br\/index.php\/wp-json\/wp\/v2\/pages\/23\/revisions\/24"}],"wp:attachment":[{"href":"https:\/\/observatorioead.ufg.br\/index.php\/wp-json\/wp\/v2\/media?parent=23"}],"curies":[{"name":"wp","href":"https:\/\/api.w.org\/{rel}","templated":true}]}}