{"id":25,"date":"2026-03-16T16:34:24","date_gmt":"2026-03-16T19:34:24","guid":{"rendered":"http:\/\/nute.ufsc.br\/observatorioead\/?page_id=25"},"modified":"2026-04-22T19:58:33","modified_gmt":"2026-04-22T22:58:33","slug":"dados","status":"publish","type":"page","link":"https:\/\/observatorioead.ufg.br\/index.php\/dados\/","title":{"rendered":"Dados Abertos"},"content":{"rendered":"\n<p>Este GT ficar\u00e1 a cargo da coleta e an\u00e1lise de dados sobre a EaD, como os do Censo da Educa\u00e7\u00e3o Superior e do e-MEC.<\/p>\n\n\n\n<p>Coordena\u00e7\u00e3o:<\/p>\n\n\n\n<p>Karen, Murilo, Bruno, Wilton, Rafael e Mony<\/p>\n\n\n\n<p><a href=\"https:\/\/observatorioead.fe.ufg.br\/pages\"><\/a><\/p>\n","protected":false},"excerpt":{"rendered":"<p>Este GT ficar\u00e1 a cargo da coleta e an\u00e1lise de dados sobre a EaD, como os do Censo da Educa\u00e7\u00e3o Superior e do e-MEC. Coordena\u00e7\u00e3o: Karen, Murilo, Bruno, Wilton, Rafael e Mony<\/p>\n","protected":false},"author":1,"featured_media":0,"parent":0,"menu_order":0,"comment_status":"closed","ping_status":"closed","template":"","meta":{"inline_featured_image":false,"footnotes":""},"class_list":["post-25","page","type-page","status-publish","hentry"],"_links":{"self":[{"href":"https:\/\/observatorioead.ufg.br\/index.php\/wp-json\/wp\/v2\/pages\/25","targetHints":{"allow":["GET"]}}],"collection":[{"href":"https:\/\/observatorioead.ufg.br\/index.php\/wp-json\/wp\/v2\/pages"}],"about":[{"href":"https:\/\/observatorioead.ufg.br\/index.php\/wp-json\/wp\/v2\/types\/page"}],"author":[{"embeddable":true,"href":"https:\/\/observatorioead.ufg.br\/index.php\/wp-json\/wp\/v2\/users\/1"}],"replies":[{"embeddable":true,"href":"https:\/\/observatorioead.ufg.br\/index.php\/wp-json\/wp\/v2\/comments?post=25"}],"version-history":[{"count":4,"href":"https:\/\/observatorioead.ufg.br\/index.php\/wp-json\/wp\/v2\/pages\/25\/revisions"}],"predecessor-version":[{"id":164,"href":"https:\/\/observatorioead.ufg.br\/index.php\/wp-json\/wp\/v2\/pages\/25\/revisions\/164"}],"wp:attachment":[{"href":"https:\/\/observatorioead.ufg.br\/index.php\/wp-json\/wp\/v2\/media?parent=25"}],"curies":[{"name":"wp","href":"https:\/\/api.w.org\/{rel}","templated":true}]}}